{"id":4704,"date":"2025-02-27T08:01:18","date_gmt":"2025-02-27T08:01:18","guid":{"rendered":"https:\/\/obalagrupa.kuhada.eu\/brands\/ruf\/"},"modified":"2025-11-13T08:46:34","modified_gmt":"2025-11-13T08:46:34","slug":"ruf","status":"publish","type":"page","link":"https:\/\/www.obalagrupa.com\/en\/brands\/ruf\/","title":{"rendered":"RUF"},"content":{"rendered":"\t\t<div data-elementor-type=\"wp-page\" data-elementor-id=\"4704\" class=\"elementor elementor-4704 elementor-2772\" data-elementor-post-type=\"page\">\n\t\t\t\t<div class=\"wd-negative-gap elementor-element elementor-element-bc49990 e-flex e-con-boxed e-con e-parent\" data-id=\"bc49990\" data-element_type=\"container\">\n\t\t\t\t\t<div class=\"e-con-inner\">\n\t\t\t\t<div class=\"elementor-element elementor-element-91a603f elementor-widget elementor-widget-slider_revolution\" data-id=\"91a603f\" data-element_type=\"widget\" data-widget_type=\"slider_revolution.default\">\n\t\t\t\t<div class=\"elementor-widget-container\">\n\t\t\t\t\t\n\t\t<div class=\"wp-block-themepunch-revslider\">\n\t\t\t\t<p class=\"rs-p-wp-fix\"><\/p>\n\t\t\t\t<sr7-module data-alias=\"ritter-sport-1\" data-id=\"6\" id=\"SR7_6_1\" class=\"rs-ov-hidden\" data-version=\"6.7.17\">\n\t\t\t\t\t<sr7-adjuster><\/sr7-adjuster>\n\t\t\t\t\t<sr7-content>\n\t\t\t\t\t\t<sr7-slide id=\"SR7_6_1-25\" data-key=\"25\">\n\t\t\t\t\t\t\t<sr7-bg id=\"SR7_6_1-25-1\" class=\"sr7-layer\"><noscript><img decoding=\"async\" src=\"https:\/\/obalagrupa.com\/wp-content\/uploads\/2025\/02\/RUF-Hero-2-min.jpg\" alt=\"RUF Hero 2 min\" title=\"RUF Hero 2 min\"><\/noscript><\/sr7-bg>\n\t\t\t\t\t\t<\/sr7-slide>\n\t\t\t\t\t\t<sr7-slide id=\"SR7_6_1-27\" data-key=\"27\">\n\t\t\t\t\t\t\t<sr7-bg id=\"SR7_6_1-27-2\" class=\"sr7-layer\"><noscript><img decoding=\"async\" src=\"https:\/\/obalagrupa.com\/wp-content\/uploads\/2025\/02\/RUF-Hero-3-min.jpg\" alt=\"RUF Hero 3 min\" title=\"RUF Hero 3 min\"><\/noscript><\/sr7-bg>\n\t\t\t\t\t\t<\/sr7-slide>\n\t\t\t\t\t\t<sr7-slide id=\"SR7_6_1-28\" data-key=\"28\">\n\t\t\t\t\t\t\t<sr7-bg id=\"SR7_6_1-28-3\" class=\"sr7-layer\"><noscript><img decoding=\"async\" src=\"https:\/\/obalagrupa.com\/wp-content\/uploads\/2025\/02\/RUF-Hero-1-min.jpg\" alt=\"RUF Hero 1 min\" title=\"RUF Hero 1 min\"><\/noscript><\/sr7-bg>\n\t\t\t\t\t\t<\/sr7-slide>\n\t\t\t\t\t\t<sr7-slide id=\"SR7_6_1-29\" data-key=\"29\">\n\t\t\t\t\t\t<\/sr7-slide>\n\t\t\t\t\t<\/sr7-content>\n\t\t\t\t\t<image_lists style=\"display:none\">\n\t\t\t\t\t\t<img data-src=\"\/\/obalagrupa.com\/wp-content\/uploads\/2025\/02\/RUF-Hero-2-min.jpg\" data-libid=\"2784\" data-lib=\"medialibrary\" alt=\"RUF Hero 2 min\" title=\"RUF Hero 2 min\" width=\"0\" height=\"0\" data-dbsrc=\"Ly9vYmFsYWdydXBhLmNvbS93cC1jb250ZW50L3VwbG9hZHMvMjAyNS8wMi9SVUYtSGVyby0yLW1pbi5qcGc=\"\/>\n\t\t\t\t\t\t<img data-src=\"\/\/obalagrupa.com\/wp-content\/uploads\/2025\/02\/RUF-Hero-3-min.jpg\" data-libid=\"2774\" data-lib=\"medialibrary\" alt=\"RUF Hero 3 min\" title=\"RUF Hero 3 min\" width=\"0\" height=\"0\" data-dbsrc=\"Ly9vYmFsYWdydXBhLmNvbS93cC1jb250ZW50L3VwbG9hZHMvMjAyNS8wMi9SVUYtSGVyby0zLW1pbi5qcGc=\"\/>\n\t\t\t\t\t\t<img data-src=\"\/\/obalagrupa.com\/wp-content\/uploads\/2025\/02\/RUF-Hero-1-min.jpg\" data-libid=\"2783\" data-lib=\"medialibrary\" alt=\"RUF Hero 1 min\" title=\"RUF Hero 1 min\" width=\"0\" height=\"0\" data-dbsrc=\"Ly9vYmFsYWdydXBhLmNvbS93cC1jb250ZW50L3VwbG9hZHMvMjAyNS8wMi9SVUYtSGVyby0xLW1pbi5qcGc=\"\/>\n\t\t\t\t\t<\/image_lists>\n\t\t\t\t<\/sr7-module>\n\t\t\t\t<script>\n\t\t\t\t\tSR7.PMH ??={}; SR7.PMH[\"SR7_6_1\"] = {cn:0,state:false,fn: function() { if (_tpt!==undefined && _tpt.prepareModuleHeight !== undefined) {  _tpt.prepareModuleHeight({id:\"SR7_6_1\",el:[650,650,768,768,720],type:'standard',shdw:'0',gh:[650,650,650,650,1080],gw:[1240,1240,1024,1024,1920],vpt:['100px&#039;,&#039;100px&#039;,&#039;100px&#039;,&#039;100px&#039;,&#039;100px'],size:{fullWidth:true, fullHeight:false},mh:'0',onh:0,onw:0,bg:{color:'{\"orig\":\"transparent\",\"type\":\"solid\",\"string\":\"transparent\"}'}});   SR7.PMH[\"SR7_6_1\"].state=true;} else if((SR7.PMH[\"SR7_6_1\"].cn++)<100)\tsetTimeout( SR7.PMH[\"SR7_6_1\"].fn,19);}};SR7.PMH[\"SR7_6_1\" ].fn();\n\t\t\t\t<\/script>\n<\/div>\n\n\t\t\t\t\t\t<\/div>\n\t\t\t\t<\/div>\n\t\t\t\t\t<\/div>\n\t\t\t\t<\/div>\n\t\t<div class=\"wd-negative-gap elementor-element elementor-element-92d8020 e-flex e-con-boxed e-con e-parent\" data-id=\"92d8020\" data-element_type=\"container\">\n\t\t\t\t\t<div class=\"e-con-inner\">\n\t\t\t\t<div class=\"elementor-element elementor-element-6df33ff elementor-widget elementor-widget-spacer\" data-id=\"6df33ff\" data-element_type=\"widget\" data-widget_type=\"spacer.default\">\n\t\t\t\t<div class=\"elementor-widget-container\">\n\t\t\t\t\t\t\t<div class=\"elementor-spacer\">\n\t\t\t<div class=\"elementor-spacer-inner\"><\/div>\n\t\t<\/div>\n\t\t\t\t\t\t<\/div>\n\t\t\t\t<\/div>\n\t\t\t\t\t<\/div>\n\t\t\t\t<\/div>\n\t\t<div class=\"wd-negative-gap elementor-element elementor-element-7523c43 e-flex e-con-boxed e-con e-parent\" data-id=\"7523c43\" data-element_type=\"container\">\n\t\t\t\t\t<div class=\"e-con-inner\">\n\t\t\t\t<div class=\"elementor-element elementor-element-24ac63c elementor-widget__width-initial elementor-widget elementor-widget-heading\" data-id=\"24ac63c\" data-element_type=\"widget\" data-widget_type=\"heading.default\">\n\t\t\t\t<div class=\"elementor-widget-container\">\n\t\t\t\t\t<h1 class=\"elementor-heading-title elementor-size-default\">RUF <h1 class=\"elementor-heading-title elementor-size-default elementor-inline-editing pen\" data-elementor-setting-key=\"title\" data-pen-placeholder=\"Upi\u0161i ovdje...\" style=\"font-style: normal;font-weight: 700;font-family: Manrope, Arial, Helvetica, sans-serif;text-transform: none\">Delicious treats for both big and small.<\/h1><\/h1>\t\t\t\t<\/div>\n\t\t\t\t<\/div>\n\t\t\t\t\t<\/div>\n\t\t\t\t<\/div>\n\t\t<div class=\"elementor-element elementor-element-4f02c81 e-con-full e-flex e-con e-parent\" data-id=\"4f02c81\" data-element_type=\"container\">\n\t\t\t\t<div class=\"elementor-element elementor-element-47c5af9 elementor-widget elementor-widget-wd_image_or_svg\" data-id=\"47c5af9\" data-element_type=\"widget\" data-widget_type=\"wd_image_or_svg.default\">\n\t\t\t\t<div class=\"elementor-widget-container\">\n\t\t\t\t\t\n\t\t<div class=\"wd-image text-center\">\n\t\t\t\t\t\t\t\t<img loading=\"lazy\" decoding=\"async\" width=\"1086\" height=\"195\" src=\"https:\/\/www.obalagrupa.com\/wp-content\/uploads\/2025\/04\/Kvalitetne-Slastice-Natpis-EN.png\" class=\"attachment-full size-full\" alt=\"Kvalitetne Slastice Natpis EN\" srcset=\"https:\/\/www.obalagrupa.com\/wp-content\/uploads\/2025\/04\/Kvalitetne-Slastice-Natpis-EN.png 1086w, https:\/\/www.obalagrupa.com\/wp-content\/uploads\/2025\/04\/Kvalitetne-Slastice-Natpis-EN-300x54.png 300w, https:\/\/www.obalagrupa.com\/wp-content\/uploads\/2025\/04\/Kvalitetne-Slastice-Natpis-EN-1024x184.png 1024w, https:\/\/www.obalagrupa.com\/wp-content\/uploads\/2025\/04\/Kvalitetne-Slastice-Natpis-EN-768x138.png 768w\" sizes=\"(max-width: 1086px) 100vw, 1086px\" \/>\t\t\t\t\t<\/div>\n\n\t\t\t\t\t\t<\/div>\n\t\t\t\t<\/div>\n\t\t\t\t<\/div>\n\t\t<div class=\"wd-negative-gap elementor-element elementor-element-cfb52cf wd-section-stretch e-flex e-con-boxed e-con e-parent\" data-id=\"cfb52cf\" data-element_type=\"container\" data-settings=\"{&quot;background_background&quot;:&quot;classic&quot;}\">\n\t\t\t\t\t<div class=\"e-con-inner\">\n\t\t<div class=\"elementor-element elementor-element-77c1dd7 e-con-full e-flex e-con e-child\" data-id=\"77c1dd7\" data-element_type=\"container\">\n\t\t\t\t<div class=\"elementor-element elementor-element-461f2f6 color-scheme-light text-left elementor-widget elementor-widget-text-editor\" data-id=\"461f2f6\" data-element_type=\"widget\" data-widget_type=\"text-editor.default\">\n\t\t\t\t<div class=\"elementor-widget-container\">\n\t\t\t\t\t\t\t\t\t<p>Through constant research and innovation, the company has secured a prominent position in the German, European, and many global markets. In 1986, RUF introduced products with artificial sweeteners \u2013 natreen. With over 300 products, RUF has made its way into millions of homes, creating sweet, small moments of joy.   <\/p>\t\t\t\t\t\t\t\t<\/div>\n\t\t\t\t<\/div>\n\t\t\t\t<\/div>\n\t\t\t\t\t<\/div>\n\t\t\t\t<\/div>\n\t\t<div class=\"wd-negative-gap elementor-element elementor-element-311d180 wd-section-stretch e-flex e-con-boxed e-con e-parent\" data-id=\"311d180\" data-element_type=\"container\" data-settings=\"{&quot;background_background&quot;:&quot;classic&quot;}\">\n\t\t\t\t\t<div class=\"e-con-inner\">\n\t\t<div class=\"elementor-element elementor-element-a1c0d97 e-con-full e-flex e-con e-child\" data-id=\"a1c0d97\" data-element_type=\"container\">\n\t\t\t\t<div class=\"elementor-element elementor-element-9b1f257 elementor-widget elementor-widget-wd_image_or_svg\" data-id=\"9b1f257\" data-element_type=\"widget\" data-widget_type=\"wd_image_or_svg.default\">\n\t\t\t\t<div class=\"elementor-widget-container\">\n\t\t\t\t\t\n\t\t<div class=\"wd-image text-left\">\n\t\t\t\t\t\t\t\t<img loading=\"lazy\" decoding=\"async\" width=\"1287\" height=\"75\" src=\"https:\/\/www.obalagrupa.com\/wp-content\/uploads\/2025\/04\/Proizvodi-za-pecenje-kolaca-EN-2.png\" class=\"attachment-full size-full\" alt=\"Proizvodi za pecenje kolaca EN 2\" srcset=\"https:\/\/www.obalagrupa.com\/wp-content\/uploads\/2025\/04\/Proizvodi-za-pecenje-kolaca-EN-2.png 1287w, https:\/\/www.obalagrupa.com\/wp-content\/uploads\/2025\/04\/Proizvodi-za-pecenje-kolaca-EN-2-300x17.png 300w, https:\/\/www.obalagrupa.com\/wp-content\/uploads\/2025\/04\/Proizvodi-za-pecenje-kolaca-EN-2-1024x60.png 1024w, https:\/\/www.obalagrupa.com\/wp-content\/uploads\/2025\/04\/Proizvodi-za-pecenje-kolaca-EN-2-768x45.png 768w\" sizes=\"(max-width: 1287px) 100vw, 1287px\" \/>\t\t\t\t\t<\/div>\n\n\t\t\t\t\t\t<\/div>\n\t\t\t\t<\/div>\n\t\t\t\t<\/div>\n\t\t\t\t\t<\/div>\n\t\t\t\t<\/div>\n\t\t<div class=\"wd-negative-gap elementor-element elementor-element-f6ca227 e-flex e-con-boxed e-con e-parent\" data-id=\"f6ca227\" data-element_type=\"container\">\n\t\t\t\t\t<div class=\"e-con-inner\">\n\t\t\t\t<div class=\"elementor-element elementor-element-186d269 elementor-widget elementor-widget-spacer\" data-id=\"186d269\" data-element_type=\"widget\" data-widget_type=\"spacer.default\">\n\t\t\t\t<div class=\"elementor-widget-container\">\n\t\t\t\t\t\t\t<div class=\"elementor-spacer\">\n\t\t\t<div class=\"elementor-spacer-inner\"><\/div>\n\t\t<\/div>\n\t\t\t\t\t\t<\/div>\n\t\t\t\t<\/div>\n\t\t\t\t\t<\/div>\n\t\t\t\t<\/div>\n\t\t<div class=\"wd-negative-gap elementor-element elementor-element-63b1916 e-flex e-con-boxed e-con e-parent\" data-id=\"63b1916\" data-element_type=\"container\">\n\t\t\t\t\t<div class=\"e-con-inner\">\n\t\t<div class=\"elementor-element elementor-element-7e7e4b4 e-con-full e-flex e-con e-child\" data-id=\"7e7e4b4\" data-element_type=\"container\">\n\t\t\t\t<div class=\"elementor-element elementor-element-54fea0b wd-width-100 elementor-widget elementor-widget-wd_title\" data-id=\"54fea0b\" data-element_type=\"widget\" data-widget_type=\"wd_title.default\">\n\t\t\t\t<div class=\"elementor-widget-container\">\n\t\t\t\t\t\t\t<div class=\"title-wrapper wd-set-mb reset-last-child wd-title-color-default wd-title-style-default wd-title-size-default text-center\">\n\n\t\t\t\n\t\t\t<div class=\"liner-continer\">\n\t\t\t\t<h2 class=\"woodmart-title-container title wd-fontsize-l\">Vanillin sugar<\/h2> \n\t\t\t\t\t\t\t<\/div>\n\n\t\t\t\t\t<\/div>\n\t\t\t\t\t\t<\/div>\n\t\t\t\t<\/div>\n\t\t\t\t<div class=\"elementor-element elementor-element-218de52 elementor-widget elementor-widget-image\" data-id=\"218de52\" data-element_type=\"widget\" data-widget_type=\"image.default\">\n\t\t\t\t<div class=\"elementor-widget-container\">\n\t\t\t\t\t\t\t\t\t\t\t\t\t\t\t<img loading=\"lazy\" decoding=\"async\" width=\"271\" height=\"400\" src=\"https:\/\/www.obalagrupa.com\/wp-content\/uploads\/2025\/02\/12004-Vanilin-secer-10x8g-min.png\" class=\"attachment-large size-large wp-image-2777\" alt=\"RUF vanilin \u0161e\u0107er u pakiranju\" srcset=\"https:\/\/www.obalagrupa.com\/wp-content\/uploads\/2025\/02\/12004-Vanilin-secer-10x8g-min.png 271w, https:\/\/www.obalagrupa.com\/wp-content\/uploads\/2025\/02\/12004-Vanilin-secer-10x8g-min-203x300.png 203w\" sizes=\"(max-width: 271px) 100vw, 271px\" \/>\t\t\t\t\t\t\t\t\t\t\t\t\t\t\t<\/div>\n\t\t\t\t<\/div>\n\t\t\t\t<\/div>\n\t\t<div class=\"elementor-element elementor-element-c2bf1db e-con-full e-flex e-con e-child\" data-id=\"c2bf1db\" data-element_type=\"container\">\n\t\t\t\t<div class=\"elementor-element elementor-element-576a003 wd-width-100 elementor-widget elementor-widget-wd_title\" data-id=\"576a003\" data-element_type=\"widget\" data-widget_type=\"wd_title.default\">\n\t\t\t\t<div class=\"elementor-widget-container\">\n\t\t\t\t\t\t\t<div class=\"title-wrapper wd-set-mb reset-last-child wd-title-color-default wd-title-style-default wd-title-size-default text-center\">\n\n\t\t\t\n\t\t\t<div class=\"liner-continer\">\n\t\t\t\t<h2 class=\"woodmart-title-container title wd-fontsize-l\">Baking powder<\/h2> \n\t\t\t\t\t\t\t<\/div>\n\n\t\t\t\t\t<\/div>\n\t\t\t\t\t\t<\/div>\n\t\t\t\t<\/div>\n\t\t\t\t<div class=\"elementor-element elementor-element-ff0a5fb elementor-widget__width-initial elementor-widget elementor-widget-image\" data-id=\"ff0a5fb\" data-element_type=\"widget\" data-widget_type=\"image.default\">\n\t\t\t\t<div class=\"elementor-widget-container\">\n\t\t\t\t\t\t\t\t\t\t\t\t\t\t\t<img loading=\"lazy\" decoding=\"async\" width=\"271\" height=\"400\" src=\"https:\/\/www.obalagrupa.com\/wp-content\/uploads\/2025\/02\/12015-Prasak-za-pecivo-6x15g-min.png\" class=\"attachment-large size-large wp-image-2778\" alt=\"RUF Pra\u0161ak za pecivo\" srcset=\"https:\/\/www.obalagrupa.com\/wp-content\/uploads\/2025\/02\/12015-Prasak-za-pecivo-6x15g-min.png 271w, https:\/\/www.obalagrupa.com\/wp-content\/uploads\/2025\/02\/12015-Prasak-za-pecivo-6x15g-min-203x300.png 203w\" sizes=\"(max-width: 271px) 100vw, 271px\" \/>\t\t\t\t\t\t\t\t\t\t\t\t\t\t\t<\/div>\n\t\t\t\t<\/div>\n\t\t\t\t<\/div>\n\t\t<div class=\"elementor-element elementor-element-1f1b9b4 e-con-full e-flex e-con e-child\" data-id=\"1f1b9b4\" data-element_type=\"container\">\n\t\t\t\t<\/div>\n\t\t<div class=\"elementor-element elementor-element-a2994af e-con-full e-flex e-con e-child\" data-id=\"a2994af\" data-element_type=\"container\">\n\t\t\t\t<\/div>\n\t\t\t\t\t<\/div>\n\t\t\t\t<\/div>\n\t\t<div class=\"wd-negative-gap elementor-element elementor-element-2611cfc wd-section-stretch e-flex e-con-boxed e-con e-parent\" data-id=\"2611cfc\" data-element_type=\"container\" data-settings=\"{&quot;background_background&quot;:&quot;classic&quot;}\">\n\t\t\t\t\t<div class=\"e-con-inner\">\n\t\t<div class=\"elementor-element elementor-element-bad739b e-con-full e-flex e-con e-child\" data-id=\"bad739b\" data-element_type=\"container\">\n\t\t\t\t<div class=\"elementor-element elementor-element-862f363 elementor-widget elementor-widget-wd_image_or_svg\" data-id=\"862f363\" data-element_type=\"widget\" data-widget_type=\"wd_image_or_svg.default\">\n\t\t\t\t<div class=\"elementor-widget-container\">\n\t\t\t\t\t\n\t\t<div class=\"wd-image text-left\">\n\t\t\t\t\t\t\t\t<img loading=\"lazy\" decoding=\"async\" width=\"225\" height=\"75\" src=\"https:\/\/www.obalagrupa.com\/wp-content\/uploads\/2025\/02\/Deserti-HR-2-1.png\" class=\"attachment-full size-full\" alt=\"Deserti HR 2 1\" \/>\t\t\t\t\t<\/div>\n\n\t\t\t\t\t\t<\/div>\n\t\t\t\t<\/div>\n\t\t\t\t<\/div>\n\t\t\t\t\t<\/div>\n\t\t\t\t<\/div>\n\t\t<div class=\"wd-negative-gap elementor-element elementor-element-c40d44c e-flex e-con-boxed e-con e-parent\" data-id=\"c40d44c\" data-element_type=\"container\">\n\t\t\t\t\t<div class=\"e-con-inner\">\n\t\t<div class=\"elementor-element elementor-element-5b11cdb e-con-full e-flex e-con e-child\" data-id=\"5b11cdb\" data-element_type=\"container\">\n\t\t\t\t<div class=\"elementor-element elementor-element-bbf8bbb wd-width-100 elementor-widget elementor-widget-wd_title\" data-id=\"bbf8bbb\" data-element_type=\"widget\" data-widget_type=\"wd_title.default\">\n\t\t\t\t<div class=\"elementor-widget-container\">\n\t\t\t\t\t\t\t<div class=\"title-wrapper wd-set-mb reset-last-child wd-title-color-default wd-title-style-default wd-title-size-default text-center\">\n\n\t\t\t\n\t\t\t<div class=\"liner-continer\">\n\t\t\t\t<h2 class=\"woodmart-title-container title wd-fontsize-l\"><\/h2> \n\t\t\t\t\t\t\t<\/div>\n\n\t\t\t\t\t\t\t<div class=\"title-after_title reset-last-child wd-fontsize-xs\">\n\t\t\t\t\t<p><strong>Vanilla Pudding<\/strong><\/p>\t\t\t\t<\/div>\n\t\t\t\t\t<\/div>\n\t\t\t\t\t\t<\/div>\n\t\t\t\t<\/div>\n\t\t\t\t<div class=\"elementor-element elementor-element-378e10f elementor-widget elementor-widget-image\" data-id=\"378e10f\" data-element_type=\"widget\" data-widget_type=\"image.default\">\n\t\t\t\t<div class=\"elementor-widget-container\">\n\t\t\t\t\t\t\t\t\t\t\t\t\t\t\t<img loading=\"lazy\" decoding=\"async\" width=\"286\" height=\"400\" src=\"https:\/\/www.obalagrupa.com\/wp-content\/uploads\/2025\/02\/10000-Puding-vanilija-5x37g-min.png\" class=\"attachment-large size-large wp-image-4389\" alt=\"RUF puding od vanilije\" srcset=\"https:\/\/www.obalagrupa.com\/wp-content\/uploads\/2025\/02\/10000-Puding-vanilija-5x37g-min.png 286w, https:\/\/www.obalagrupa.com\/wp-content\/uploads\/2025\/02\/10000-Puding-vanilija-5x37g-min-215x300.png 215w\" sizes=\"(max-width: 286px) 100vw, 286px\" \/>\t\t\t\t\t\t\t\t\t\t\t\t\t\t\t<\/div>\n\t\t\t\t<\/div>\n\t\t\t\t<\/div>\n\t\t<div class=\"elementor-element elementor-element-8be4f82 e-con-full e-flex e-con e-child\" data-id=\"8be4f82\" data-element_type=\"container\">\n\t\t\t\t<div class=\"elementor-element elementor-element-80f0918 wd-width-100 elementor-widget elementor-widget-wd_title\" data-id=\"80f0918\" data-element_type=\"widget\" data-widget_type=\"wd_title.default\">\n\t\t\t\t<div class=\"elementor-widget-container\">\n\t\t\t\t\t\t\t<div class=\"title-wrapper wd-set-mb reset-last-child wd-title-color-default wd-title-style-default wd-title-size-default text-center\">\n\n\t\t\t\n\t\t\t<div class=\"liner-continer\">\n\t\t\t\t<h2 class=\"woodmart-title-container title wd-fontsize-l\"><\/h2> \n\t\t\t\t\t\t\t<\/div>\n\n\t\t\t\t\t\t\t<div class=\"title-after_title reset-last-child wd-fontsize-xs\">\n\t\t\t\t\t<p><strong>Chocolate Pudding<\/strong><\/p>\t\t\t\t<\/div>\n\t\t\t\t\t<\/div>\n\t\t\t\t\t\t<\/div>\n\t\t\t\t<\/div>\n\t\t\t\t<div class=\"elementor-element elementor-element-c663554 elementor-widget__width-initial elementor-widget elementor-widget-image\" data-id=\"c663554\" data-element_type=\"widget\" data-widget_type=\"image.default\">\n\t\t\t\t<div class=\"elementor-widget-container\">\n\t\t\t\t\t\t\t\t\t\t\t\t\t\t\t<img loading=\"lazy\" decoding=\"async\" width=\"286\" height=\"400\" src=\"https:\/\/www.obalagrupa.com\/wp-content\/uploads\/2025\/02\/2006-Puding-cokolada-3x41g-min.png\" class=\"attachment-large size-large wp-image-2998\" alt=\"RUF puding od \u010dokolade\" srcset=\"https:\/\/www.obalagrupa.com\/wp-content\/uploads\/2025\/02\/2006-Puding-cokolada-3x41g-min.png 286w, https:\/\/www.obalagrupa.com\/wp-content\/uploads\/2025\/02\/2006-Puding-cokolada-3x41g-min-215x300.png 215w\" sizes=\"(max-width: 286px) 100vw, 286px\" \/>\t\t\t\t\t\t\t\t\t\t\t\t\t\t\t<\/div>\n\t\t\t\t<\/div>\n\t\t\t\t<\/div>\n\t\t<div class=\"elementor-element elementor-element-8a1864b e-con-full e-flex e-con e-child\" data-id=\"8a1864b\" data-element_type=\"container\">\n\t\t\t\t<\/div>\n\t\t<div class=\"elementor-element elementor-element-a9ffc75 e-con-full e-flex e-con e-child\" data-id=\"a9ffc75\" data-element_type=\"container\">\n\t\t\t\t<\/div>\n\t\t\t\t\t<\/div>\n\t\t\t\t<\/div>\n\t\t<div class=\"wd-negative-gap elementor-element elementor-element-a140ade e-flex e-con-boxed e-con e-parent\" data-id=\"a140ade\" data-element_type=\"container\">\n\t\t\t\t\t<div class=\"e-con-inner\">\n\t\t\t\t<div class=\"elementor-element elementor-element-6fb8d8f elementor-widget elementor-widget-spacer\" data-id=\"6fb8d8f\" data-element_type=\"widget\" data-widget_type=\"spacer.default\">\n\t\t\t\t<div class=\"elementor-widget-container\">\n\t\t\t\t\t\t\t<div class=\"elementor-spacer\">\n\t\t\t<div class=\"elementor-spacer-inner\"><\/div>\n\t\t<\/div>\n\t\t\t\t\t\t<\/div>\n\t\t\t\t<\/div>\n\t\t\t\t\t<\/div>\n\t\t\t\t<\/div>\n\t\t<div class=\"wd-negative-gap elementor-element elementor-element-e04a436 wd-section-stretch e-flex e-con-boxed e-con e-parent\" data-id=\"e04a436\" data-element_type=\"container\" data-settings=\"{&quot;background_background&quot;:&quot;classic&quot;}\">\n\t\t\t\t\t<div class=\"e-con-inner\">\n\t\t<div class=\"elementor-element elementor-element-9465d95 e-con-full e-flex e-con e-child\" data-id=\"9465d95\" data-element_type=\"container\">\n\t\t\t\t<div class=\"elementor-element elementor-element-af0009b elementor-widget elementor-widget-wd_image_or_svg\" data-id=\"af0009b\" data-element_type=\"widget\" data-widget_type=\"wd_image_or_svg.default\">\n\t\t\t\t<div class=\"elementor-widget-container\">\n\t\t\t\t\t\n\t\t<div class=\"wd-image text-left\">\n\t\t\t\t\t\t\t\t<img loading=\"lazy\" decoding=\"async\" width=\"648\" height=\"76\" src=\"https:\/\/www.obalagrupa.com\/wp-content\/uploads\/2025\/04\/Jestivi-Dekor-za-Slastice-EN-2.png\" class=\"attachment-full size-full\" alt=\"Jestivi Dekor za Slastice EN 2\" srcset=\"https:\/\/www.obalagrupa.com\/wp-content\/uploads\/2025\/04\/Jestivi-Dekor-za-Slastice-EN-2.png 648w, https:\/\/www.obalagrupa.com\/wp-content\/uploads\/2025\/04\/Jestivi-Dekor-za-Slastice-EN-2-300x35.png 300w\" sizes=\"(max-width: 648px) 100vw, 648px\" \/>\t\t\t\t\t<\/div>\n\n\t\t\t\t\t\t<\/div>\n\t\t\t\t<\/div>\n\t\t\t\t<\/div>\n\t\t\t\t\t<\/div>\n\t\t\t\t<\/div>\n\t\t<div class=\"wd-negative-gap elementor-element elementor-element-71b1567 e-flex e-con-boxed e-con e-parent\" data-id=\"71b1567\" data-element_type=\"container\">\n\t\t\t\t\t<div class=\"e-con-inner\">\n\t\t<div class=\"elementor-element elementor-element-688993d e-con-full e-flex e-con e-child\" data-id=\"688993d\" data-element_type=\"container\">\n\t\t\t\t<div class=\"elementor-element elementor-element-42b2b74 wd-width-100 elementor-widget elementor-widget-wd_title\" data-id=\"42b2b74\" data-element_type=\"widget\" data-widget_type=\"wd_title.default\">\n\t\t\t\t<div class=\"elementor-widget-container\">\n\t\t\t\t\t\t\t<div class=\"title-wrapper wd-set-mb reset-last-child wd-title-color-default wd-title-style-default wd-title-size-default text-center\">\n\n\t\t\t\n\t\t\t<div class=\"liner-continer\">\n\t\t\t\t<h2 class=\"woodmart-title-container title wd-fontsize-l\"><\/h2> \n\t\t\t\t\t\t\t<\/div>\n\n\t\t\t\t\t\t\t<div class=\"title-after_title reset-last-child wd-fontsize-xs\">\n\t\t\t\t\t<p><strong>Pieces of dark chocolate<\/strong><\/p>\t\t\t\t<\/div>\n\t\t\t\t\t<\/div>\n\t\t\t\t\t\t<\/div>\n\t\t\t\t<\/div>\n\t\t\t\t<div class=\"elementor-element elementor-element-358ad39 elementor-widget elementor-widget-image\" data-id=\"358ad39\" data-element_type=\"widget\" data-widget_type=\"image.default\">\n\t\t\t\t<div class=\"elementor-widget-container\">\n\t\t\t\t\t\t\t\t\t\t\t\t\t\t\t<img loading=\"lazy\" decoding=\"async\" width=\"256\" height=\"400\" src=\"https:\/\/www.obalagrupa.com\/wp-content\/uploads\/2025\/02\/12430-Komadici-tamne-cokolade-min.png\" class=\"attachment-large size-large wp-image-4406\" alt=\"RUF komadi\u0107i tamne \u010dokolade\" srcset=\"https:\/\/www.obalagrupa.com\/wp-content\/uploads\/2025\/02\/12430-Komadici-tamne-cokolade-min.png 256w, https:\/\/www.obalagrupa.com\/wp-content\/uploads\/2025\/02\/12430-Komadici-tamne-cokolade-min-192x300.png 192w\" sizes=\"(max-width: 256px) 100vw, 256px\" \/>\t\t\t\t\t\t\t\t\t\t\t\t\t\t\t<\/div>\n\t\t\t\t<\/div>\n\t\t\t\t<\/div>\n\t\t<div class=\"elementor-element elementor-element-2718787 e-con-full e-flex e-con e-child\" data-id=\"2718787\" data-element_type=\"container\">\n\t\t\t\t<div class=\"elementor-element elementor-element-f6045d3 wd-width-100 elementor-widget elementor-widget-wd_title\" data-id=\"f6045d3\" data-element_type=\"widget\" data-widget_type=\"wd_title.default\">\n\t\t\t\t<div class=\"elementor-widget-container\">\n\t\t\t\t\t\t\t<div class=\"title-wrapper wd-set-mb reset-last-child wd-title-color-default wd-title-style-default wd-title-size-default text-center\">\n\n\t\t\t\n\t\t\t<div class=\"liner-continer\">\n\t\t\t\t<h2 class=\"woodmart-title-container title wd-fontsize-l\"><\/h2> \n\t\t\t\t\t\t\t<\/div>\n\n\t\t\t\t\t\t\t<div class=\"title-after_title reset-last-child wd-fontsize-xs\">\n\t\t\t\t\t<p><b>Chocolate chunks XXL<\/b><\/p>\t\t\t\t<\/div>\n\t\t\t\t\t<\/div>\n\t\t\t\t\t\t<\/div>\n\t\t\t\t<\/div>\n\t\t\t\t<div class=\"elementor-element elementor-element-c7e8b67 elementor-widget__width-initial elementor-widget elementor-widget-image\" data-id=\"c7e8b67\" data-element_type=\"widget\" data-widget_type=\"image.default\">\n\t\t\t\t<div class=\"elementor-widget-container\">\n\t\t\t\t\t\t\t\t\t\t\t\t\t\t\t<img loading=\"lazy\" decoding=\"async\" width=\"253\" height=\"400\" src=\"https:\/\/www.obalagrupa.com\/wp-content\/uploads\/2025\/02\/12427-Komadici-mlijecne-cokolade-100g-min.png\" class=\"attachment-large size-large wp-image-4404\" alt=\"RUF komadi\u0107i mlije\u010dne \u010dokolade\" srcset=\"https:\/\/www.obalagrupa.com\/wp-content\/uploads\/2025\/02\/12427-Komadici-mlijecne-cokolade-100g-min.png 253w, https:\/\/www.obalagrupa.com\/wp-content\/uploads\/2025\/02\/12427-Komadici-mlijecne-cokolade-100g-min-190x300.png 190w\" sizes=\"(max-width: 253px) 100vw, 253px\" \/>\t\t\t\t\t\t\t\t\t\t\t\t\t\t\t<\/div>\n\t\t\t\t<\/div>\n\t\t\t\t<\/div>\n\t\t<div class=\"elementor-element elementor-element-83f3159 e-con-full e-flex e-con e-child\" data-id=\"83f3159\" data-element_type=\"container\">\n\t\t\t\t<\/div>\n\t\t<div class=\"elementor-element elementor-element-480ed9d e-con-full e-flex e-con e-child\" data-id=\"480ed9d\" data-element_type=\"container\">\n\t\t\t\t<\/div>\n\t\t\t\t\t<\/div>\n\t\t\t\t<\/div>\n\t\t\t\t<\/div>\n\t\t","protected":false},"excerpt":{"rendered":"<p>RUF Delicious treats for both big and small. Through constant research and innovation, the company has secured a prominent position<\/p>\n","protected":false},"author":2,"featured_media":0,"parent":4616,"menu_order":0,"comment_status":"closed","ping_status":"closed","template":"","meta":{"footnotes":""},"class_list":["post-4704","page","type-page","status-publish","hentry"],"_links":{"self":[{"href":"https:\/\/www.obalagrupa.com\/en\/wp-json\/wp\/v2\/pages\/4704","targetHints":{"allow":["GET"]}}],"collection":[{"href":"https:\/\/www.obalagrupa.com\/en\/wp-json\/wp\/v2\/pages"}],"about":[{"href":"https:\/\/www.obalagrupa.com\/en\/wp-json\/wp\/v2\/types\/page"}],"author":[{"embeddable":true,"href":"https:\/\/www.obalagrupa.com\/en\/wp-json\/wp\/v2\/users\/2"}],"replies":[{"embeddable":true,"href":"https:\/\/www.obalagrupa.com\/en\/wp-json\/wp\/v2\/comments?post=4704"}],"version-history":[{"count":26,"href":"https:\/\/www.obalagrupa.com\/en\/wp-json\/wp\/v2\/pages\/4704\/revisions"}],"predecessor-version":[{"id":9913,"href":"https:\/\/www.obalagrupa.com\/en\/wp-json\/wp\/v2\/pages\/4704\/revisions\/9913"}],"up":[{"embeddable":true,"href":"https:\/\/www.obalagrupa.com\/en\/wp-json\/wp\/v2\/pages\/4616"}],"wp:attachment":[{"href":"https:\/\/www.obalagrupa.com\/en\/wp-json\/wp\/v2\/media?parent=4704"}],"curies":[{"name":"wp","href":"https:\/\/api.w.org\/{rel}","templated":true}]}}