{"id":7272,"date":"2025-05-19T11:20:54","date_gmt":"2025-05-19T11:20:54","guid":{"rendered":"https:\/\/www.obalagrupa.com\/brands\/needle-gin\/"},"modified":"2025-11-25T12:14:53","modified_gmt":"2025-11-25T12:14:53","slug":"needle-gin","status":"publish","type":"page","link":"https:\/\/www.obalagrupa.com\/en\/brands\/needle-gin\/","title":{"rendered":"Needle Gin"},"content":{"rendered":"\t\t<div data-elementor-type=\"wp-page\" data-elementor-id=\"7272\" class=\"elementor elementor-7272 elementor-7105\" data-elementor-post-type=\"page\">\n\t\t\t\t<div class=\"elementor-element elementor-element-549e448 wd-section-stretch e-flex e-con-boxed e-con e-parent\" data-id=\"549e448\" data-element_type=\"container\" data-settings=\"{&quot;background_background&quot;:&quot;classic&quot;}\">\n\t\t\t\t\t<div class=\"e-con-inner\">\n\t\t\t\t\t<\/div>\n\t\t\t\t<\/div>\n\t\t<div class=\"wd-negative-gap elementor-element elementor-element-4d54200 e-flex e-con-boxed e-con e-parent\" data-id=\"4d54200\" data-element_type=\"container\">\n\t\t\t\t\t<div class=\"e-con-inner\">\n\t\t\t\t<div class=\"elementor-element elementor-element-880810e elementor-widget elementor-widget-heading\" data-id=\"880810e\" data-element_type=\"widget\" data-widget_type=\"heading.default\">\n\t\t\t\t<div class=\"elementor-widget-container\">\n\t\t\t\t\t<h1 class=\"elementor-heading-title elementor-size-default\">Needle Blackforest Gin<\/h1>\t\t\t\t<\/div>\n\t\t\t\t<\/div>\n\t\t\t\t\t<\/div>\n\t\t\t\t<\/div>\n\t\t<div class=\"elementor-element elementor-element-9adddee e-grid e-con-full e-con e-parent\" data-id=\"9adddee\" data-element_type=\"container\">\n\t\t\t\t<div class=\"elementor-element elementor-element-7d6df2e elementor-widget elementor-widget-wd_text_block\" data-id=\"7d6df2e\" data-element_type=\"widget\" data-widget_type=\"wd_text_block.default\">\n\t\t\t\t<div class=\"elementor-widget-container\">\n\t\t\t\t\t\t\t<div class=\"wd-text-block reset-last-child text-left\">\n\t\t\t\n\t\t\t<p><strong style=\"font-size: 20px;\">Needle Blackforest Dry Gin <\/strong><span style=\"font-size: 20px;\">brings the spirit of Germany's Black Forest into every glass. Distilled with special care in small batches, this gin combines traditional methods with modern aromas.<\/span><\/p><p><span style=\"font-size: 20px;\">The main notes of juniper and pine needles are complemented by lavender, ginger, cinnamon, and citrus, creating a unique, fresh, and complex flavor profile.<\/span><\/p>\n\t\t\t\t\t<\/div>\n\t\t\t\t\t\t<\/div>\n\t\t\t\t<\/div>\n\t\t\t\t<div class=\"elementor-element elementor-element-7f5a5f3 wd-width-100 elementor-widget elementor-widget-wd_video\" data-id=\"7f5a5f3\" data-element_type=\"widget\" data-widget_type=\"wd_video.default\">\n\t\t\t\t<div class=\"elementor-widget-container\">\n\t\t\t\t\t\n\t\t<div class=\"wd-el-video wd-action-without wd-video-youtube\">\n\t\t\t\t\t\t\t<iframe src=\"https:\/\/www.youtube.com\/embed\/Vh48xIYvOjM?feature=oembed&loop=1&mute=1&controls=0&autoplay=1&playlist=Vh48xIYvOjM\" allowfullscreen allow=\"accelerometer; autoplay; encrypted-media; gyroscope; picture-in-picture\" width=\"100%\" height=\"100%\" loading=\"lazy\"><\/iframe>\t\t\t\n\t\t\t\n\t\t\t\n\t\t\t\t\t<\/div>\n\t\t\t\t\t\t<\/div>\n\t\t\t\t<\/div>\n\t\t\t\t<\/div>\n\t\t<div class=\"wd-negative-gap elementor-element elementor-element-86849f0 e-flex e-con-boxed e-con e-parent\" data-id=\"86849f0\" data-element_type=\"container\">\n\t\t\t\t\t<div class=\"e-con-inner\">\n\t\t\t\t<div class=\"elementor-element elementor-element-cd3591d elementor-widget elementor-widget-spacer\" data-id=\"cd3591d\" data-element_type=\"widget\" data-widget_type=\"spacer.default\">\n\t\t\t\t<div class=\"elementor-widget-container\">\n\t\t\t\t\t\t\t<div class=\"elementor-spacer\">\n\t\t\t<div class=\"elementor-spacer-inner\"><\/div>\n\t\t<\/div>\n\t\t\t\t\t\t<\/div>\n\t\t\t\t<\/div>\n\t\t\t\t\t<\/div>\n\t\t\t\t<\/div>\n\t\t<div class=\"elementor-element elementor-element-79122d8 e-grid e-con-full e-con e-parent\" data-id=\"79122d8\" data-element_type=\"container\">\n\t\t\t\t<div class=\"elementor-element elementor-element-e95b328 elementor-widget elementor-widget-image\" data-id=\"e95b328\" data-element_type=\"widget\" data-widget_type=\"image.default\">\n\t\t\t\t<div class=\"elementor-widget-container\">\n\t\t\t\t\t\t\t\t\t\t\t\t\t\t\t<img decoding=\"async\" src=\"https:\/\/www.obalagrupa.com\/wp-content\/uploads\/elementor\/thumbs\/needle_casa-1-r73btqhc3z41z110xnq753113s2xgx115bfu695wo0.png\" title=\"\" alt=\"Needle Blackforest Dry Gin \u010da\u0161a s ginom\" loading=\"lazy\" \/>\t\t\t\t\t\t\t\t\t\t\t\t\t\t\t<\/div>\n\t\t\t\t<\/div>\n\t\t\t\t<div class=\"elementor-element elementor-element-094b229 elementor-widget elementor-widget-wd_text_block\" data-id=\"094b229\" data-element_type=\"widget\" data-widget_type=\"wd_text_block.default\">\n\t\t\t\t<div class=\"elementor-widget-container\">\n\t\t\t\t\t\t\t<div class=\"wd-text-block reset-last-child text-left\">\n\t\t\t\n\t\t\t<p><span style=\"font-size: 20px;\">Elegantna tamna boca s motivom bora ne samo da odra\u017eava porijeklo, ve\u0107 i isti\u010de autenti\u010dnost i kvalitetu svakog gutljaja. Needle Gin je idealan za klasi\u010dne gin &amp; tonik kombinacije, ali i kao baza za kreativne koktele.<\/span><\/p><p><span style=\"font-size: 20px;\">Bilo da ste zaljubljenik u gin ili tek otkrivate svijet craft destilata, Needle Gin pru\u017ea iskustvo koje spaja prirodu, tradiciju i vrhunsku izradu.<\/span><\/p>\n\t\t\t\t\t<\/div>\n\t\t\t\t\t\t<\/div>\n\t\t\t\t<\/div>\n\t\t\t\t<\/div>\n\t\t<div class=\"wd-negative-gap elementor-element elementor-element-a1a7fe1 e-flex e-con-boxed e-con e-parent\" data-id=\"a1a7fe1\" data-element_type=\"container\">\n\t\t\t\t\t<div class=\"e-con-inner\">\n\t\t\t\t<div class=\"elementor-element elementor-element-1bef714 elementor-widget elementor-widget-spacer\" data-id=\"1bef714\" data-element_type=\"widget\" data-widget_type=\"spacer.default\">\n\t\t\t\t<div class=\"elementor-widget-container\">\n\t\t\t\t\t\t\t<div class=\"elementor-spacer\">\n\t\t\t<div class=\"elementor-spacer-inner\"><\/div>\n\t\t<\/div>\n\t\t\t\t\t\t<\/div>\n\t\t\t\t<\/div>\n\t\t\t\t\t<\/div>\n\t\t\t\t<\/div>\n\t\t<div class=\"wd-negative-gap elementor-element elementor-element-61a8188 e-flex e-con-boxed e-con e-parent\" data-id=\"61a8188\" data-element_type=\"container\">\n\t\t\t\t\t<div class=\"e-con-inner\">\n\t\t\t\t<div class=\"elementor-element elementor-element-ed43a70 elementor-widget elementor-widget-heading\" data-id=\"ed43a70\" data-element_type=\"widget\" data-widget_type=\"heading.default\">\n\t\t\t\t<div class=\"elementor-widget-container\">\n\t\t\t\t\t<h1 class=\"elementor-heading-title elementor-size-default\">Products<\/h1>\t\t\t\t<\/div>\n\t\t\t\t<\/div>\n\t\t\t\t\t<\/div>\n\t\t\t\t<\/div>\n\t\t<div class=\"elementor-element elementor-element-7d9f4b7 e-grid e-con-full e-con e-parent\" data-id=\"7d9f4b7\" data-element_type=\"container\">\n\t\t\t\t<div class=\"elementor-element elementor-element-9b695b3 elementor-widget elementor-widget-wd_text_block\" data-id=\"9b695b3\" data-element_type=\"widget\" data-widget_type=\"wd_text_block.default\">\n\t\t\t\t<div class=\"elementor-widget-container\">\n\t\t\t\t\t\t\t<div class=\"wd-text-block reset-last-child text-center\">\n\t\t\t\n\t\t\t<h4 style=\"text-align: center;\"><strong style=\"font-size: 25px;\">Needle Blackforest distilled Gin<\/strong><\/h4><h3 style=\"text-align: center;\"><span style=\"font-size: 18px;\"><span style=\"font-weight: normal;\">A pure and clear distilled gin with the flavor of the Black Forest.<\/span><\/span><\/h3><p class=\"\" style=\"font-weight: bold;\" data-start=\"630\" data-end=\"777\"> <\/p>\n\t\t\t\t\t<\/div>\n\t\t\t\t\t\t<\/div>\n\t\t\t\t<\/div>\n\t\t\t\t<div class=\"elementor-element elementor-element-7ba8b33 elementor-widget elementor-widget-wd_image_or_svg\" data-id=\"7ba8b33\" data-element_type=\"widget\" data-widget_type=\"wd_image_or_svg.default\">\n\t\t\t\t<div class=\"elementor-widget-container\">\n\t\t\t\t\t\n\t\t<div class=\"wd-image text-center\">\n\t\t\t\t\t\t\t\t<img fetchpriority=\"high\" decoding=\"async\" width=\"300\" height=\"300\" src=\"https:\/\/www.obalagrupa.com\/wp-content\/uploads\/2025\/05\/Untitled-design-53.png\" class=\"attachment-300x300 size-300x300\" alt=\"Needle Blackforest distilled Gin 0,7 L\" srcset=\"https:\/\/www.obalagrupa.com\/wp-content\/uploads\/2025\/05\/Untitled-design-53.png 300w, https:\/\/www.obalagrupa.com\/wp-content\/uploads\/2025\/05\/Untitled-design-53-150x150.png 150w\" sizes=\"(max-width: 300px) 100vw, 300px\" \/>\t\t\t\t\t<\/div>\n\n\t\t\t\t\t\t<\/div>\n\t\t\t\t<\/div>\n\t\t\t\t<\/div>\n\t\t<div class=\"wd-negative-gap elementor-element elementor-element-8a75a9b e-flex e-con-boxed e-con e-parent\" data-id=\"8a75a9b\" data-element_type=\"container\">\n\t\t\t\t\t<div class=\"e-con-inner\">\n\t\t\t\t<div class=\"elementor-element elementor-element-3562a63 elementor-widget elementor-widget-spacer\" data-id=\"3562a63\" data-element_type=\"widget\" data-widget_type=\"spacer.default\">\n\t\t\t\t<div class=\"elementor-widget-container\">\n\t\t\t\t\t\t\t<div class=\"elementor-spacer\">\n\t\t\t<div class=\"elementor-spacer-inner\"><\/div>\n\t\t<\/div>\n\t\t\t\t\t\t<\/div>\n\t\t\t\t<\/div>\n\t\t\t\t\t<\/div>\n\t\t\t\t<\/div>\n\t\t<div class=\"elementor-element elementor-element-406a46a e-grid e-con-full e-con e-parent\" data-id=\"406a46a\" data-element_type=\"container\">\n\t\t\t\t<div class=\"elementor-element elementor-element-8a7b604 elementor-widget elementor-widget-wd_image_or_svg\" data-id=\"8a7b604\" data-element_type=\"widget\" data-widget_type=\"wd_image_or_svg.default\">\n\t\t\t\t<div class=\"elementor-widget-container\">\n\t\t\t\t\t\n\t\t<div class=\"wd-image text-center\">\n\t\t\t\t\t\t\t\t<img decoding=\"async\" width=\"300\" height=\"300\" src=\"https:\/\/www.obalagrupa.com\/wp-content\/uploads\/2025\/05\/Untitled-design-52.png\" class=\"attachment-300x300 size-300x300\" alt=\"Needle Blackforest non-alcoholic Gin 0.0% vol. 0,7 L\" srcset=\"https:\/\/www.obalagrupa.com\/wp-content\/uploads\/2025\/05\/Untitled-design-52.png 300w, https:\/\/www.obalagrupa.com\/wp-content\/uploads\/2025\/05\/Untitled-design-52-150x150.png 150w\" sizes=\"(max-width: 300px) 100vw, 300px\" \/>\t\t\t\t\t<\/div>\n\n\t\t\t\t\t\t<\/div>\n\t\t\t\t<\/div>\n\t\t\t\t<div class=\"elementor-element elementor-element-ef13781 elementor-widget elementor-widget-wd_text_block\" data-id=\"ef13781\" data-element_type=\"widget\" data-widget_type=\"wd_text_block.default\">\n\t\t\t\t<div class=\"elementor-widget-container\">\n\t\t\t\t\t\t\t<div class=\"wd-text-block reset-last-child text-center\">\n\t\t\t\n\t\t\t<h4 style=\"text-align: center;\"><strong style=\"font-size: 25px;\">Needle Blackforest <b>non-alcoholic<\/b> Gin 0.0% vol.<\/strong><\/h4><h3 style=\"text-align: center;\"><span style=\"font-size: 18px;\"><span style=\"font-weight: normal;\">A pure non-alcoholic gin with the flavor of the Black Forest.<\/span><\/span><\/h3><p class=\"\" style=\"font-weight: bold;\" data-start=\"630\" data-end=\"777\">\u00a0<\/p>\n\t\t\t\t\t<\/div>\n\t\t\t\t\t\t<\/div>\n\t\t\t\t<\/div>\n\t\t\t\t<\/div>\n\t\t<div class=\"elementor-element elementor-element-efb2e3c e-grid e-con-full e-con e-parent\" data-id=\"efb2e3c\" data-element_type=\"container\">\n\t\t\t\t<div class=\"elementor-element elementor-element-6c86744 elementor-widget elementor-widget-wd_text_block\" data-id=\"6c86744\" data-element_type=\"widget\" data-widget_type=\"wd_text_block.default\">\n\t\t\t\t<div class=\"elementor-widget-container\">\n\t\t\t\t\t\t\t<div class=\"wd-text-block reset-last-child text-center\">\n\t\t\t\n\t\t\t<h4 style=\"text-align: center;\"><strong style=\"font-size: 25px;\">Needle Blackforest Gin Tonic<\/strong><\/h4>\n<h4 style=\"text-align: center;\"><span style=\"color: #000000;\"><span style=\"font-size: 18px; font-weight: 400;\">Balanced combination of spruce, citrus, and bitter notes<\/span><\/span><\/h4>\n<p class=\"\" style=\"font-weight: bold;\" data-start=\"630\" data-end=\"777\"><\/p>\n\t\t\t\t\t<\/div>\n\t\t\t\t\t\t<\/div>\n\t\t\t\t<\/div>\n\t\t\t\t<div class=\"elementor-element elementor-element-a14ce10 elementor-widget elementor-widget-wd_image_or_svg\" data-id=\"a14ce10\" data-element_type=\"widget\" data-widget_type=\"wd_image_or_svg.default\">\n\t\t\t\t<div class=\"elementor-widget-container\">\n\t\t\t\t\t\n\t\t<div class=\"wd-image text-center\">\n\t\t\t\t\t\t\t\t<img decoding=\"async\" width=\"280\" height=\"280\" src=\"https:\/\/www.obalagrupa.com\/wp-content\/uploads\/2025\/05\/Untitled-design-56-280x280.png\" class=\"attachment-280x280 size-280x280\" alt=\"Needle Blackforest Gin Tonic 0,25 L\" srcset=\"https:\/\/www.obalagrupa.com\/wp-content\/uploads\/2025\/05\/Untitled-design-56-280x280.png 280w, https:\/\/www.obalagrupa.com\/wp-content\/uploads\/2025\/05\/Untitled-design-56-150x150.png 150w, https:\/\/www.obalagrupa.com\/wp-content\/uploads\/2025\/05\/Untitled-design-56.png 300w\" sizes=\"(max-width: 280px) 100vw, 280px\" \/>\t\t\t\t\t<\/div>\n\n\t\t\t\t\t\t<\/div>\n\t\t\t\t<\/div>\n\t\t\t\t<\/div>\n\t\t<div class=\"wd-negative-gap elementor-element elementor-element-0e8816b e-flex e-con-boxed e-con e-parent\" data-id=\"0e8816b\" data-element_type=\"container\">\n\t\t\t\t\t<div class=\"e-con-inner\">\n\t\t\t\t<div class=\"elementor-element elementor-element-69ba8bb elementor-widget elementor-widget-spacer\" data-id=\"69ba8bb\" data-element_type=\"widget\" data-widget_type=\"spacer.default\">\n\t\t\t\t<div class=\"elementor-widget-container\">\n\t\t\t\t\t\t\t<div class=\"elementor-spacer\">\n\t\t\t<div class=\"elementor-spacer-inner\"><\/div>\n\t\t<\/div>\n\t\t\t\t\t\t<\/div>\n\t\t\t\t<\/div>\n\t\t\t\t\t<\/div>\n\t\t\t\t<\/div>\n\t\t<div class=\"elementor-element elementor-element-b5eb6f5 e-grid e-con-full e-con e-parent\" data-id=\"b5eb6f5\" data-element_type=\"container\">\n\t\t\t\t<div class=\"elementor-element elementor-element-ea56047 elementor-widget elementor-widget-wd_image_or_svg\" data-id=\"ea56047\" data-element_type=\"widget\" data-widget_type=\"wd_image_or_svg.default\">\n\t\t\t\t<div class=\"elementor-widget-container\">\n\t\t\t\t\t\n\t\t<div class=\"wd-image text-center\">\n\t\t\t\t\t\t\t\t<img loading=\"lazy\" decoding=\"async\" width=\"300\" height=\"300\" src=\"https:\/\/www.obalagrupa.com\/wp-content\/uploads\/2025\/05\/Untitled-design-57.png\" class=\"attachment-300x300 size-300x300\" alt=\"Needle Blackforest non-alcoholic Gin Tonic 0,25 L\" srcset=\"https:\/\/www.obalagrupa.com\/wp-content\/uploads\/2025\/05\/Untitled-design-57.png 300w, https:\/\/www.obalagrupa.com\/wp-content\/uploads\/2025\/05\/Untitled-design-57-150x150.png 150w\" sizes=\"(max-width: 300px) 100vw, 300px\" \/>\t\t\t\t\t<\/div>\n\n\t\t\t\t\t\t<\/div>\n\t\t\t\t<\/div>\n\t\t\t\t<div class=\"elementor-element elementor-element-611bb8d elementor-widget elementor-widget-wd_text_block\" data-id=\"611bb8d\" data-element_type=\"widget\" data-widget_type=\"wd_text_block.default\">\n\t\t\t\t<div class=\"elementor-widget-container\">\n\t\t\t\t\t\t\t<div class=\"wd-text-block reset-last-child text-center\">\n\t\t\t\n\t\t\t<h4 style=\"text-align: center;\"><strong style=\"font-size: 25px;\">Needle Blackforest non-alcoholic Gin Tonic.<\/strong><\/h4>\n<h4 style=\"text-align: center;\"><span style=\"font-size: 18px; color: #000000; font-weight: 400;\">Pure non-alcoholic Gin and Tonic with a distinctive Black Forest flavor. <\/span><span style=\"font-size: 15px; font-weight: bold; color: #000000;\"> <\/span><\/h4>\n\t\t\t\t\t<\/div>\n\t\t\t\t\t\t<\/div>\n\t\t\t\t<\/div>\n\t\t\t\t<\/div>\n\t\t<div class=\"wd-negative-gap elementor-element elementor-element-ac7d040 e-flex e-con-boxed e-con e-parent\" data-id=\"ac7d040\" data-element_type=\"container\">\n\t\t\t\t\t<div class=\"e-con-inner\">\n\t\t\t\t<div class=\"elementor-element elementor-element-8897342 elementor-widget elementor-widget-spacer\" data-id=\"8897342\" data-element_type=\"widget\" data-widget_type=\"spacer.default\">\n\t\t\t\t<div class=\"elementor-widget-container\">\n\t\t\t\t\t\t\t<div class=\"elementor-spacer\">\n\t\t\t<div class=\"elementor-spacer-inner\"><\/div>\n\t\t<\/div>\n\t\t\t\t\t\t<\/div>\n\t\t\t\t<\/div>\n\t\t\t\t\t<\/div>\n\t\t\t\t<\/div>\n\t\t<div class=\"wd-negative-gap elementor-element elementor-element-e45171f e-flex e-con-boxed e-con e-parent\" data-id=\"e45171f\" data-element_type=\"container\">\n\t\t\t\t\t<div class=\"e-con-inner\">\n\t\t\t\t<div class=\"elementor-element elementor-element-2eacaf8 elementor-widget elementor-widget-heading\" data-id=\"2eacaf8\" data-element_type=\"widget\" data-widget_type=\"heading.default\">\n\t\t\t\t<div class=\"elementor-widget-container\">\n\t\t\t\t\t<h2 class=\"elementor-heading-title elementor-size-default\">Recepti za koktele s Needle Ginom<\/h2>\t\t\t\t<\/div>\n\t\t\t\t<\/div>\n\t\t\t\t\t<\/div>\n\t\t\t\t<\/div>\n\t\t<div class=\"wd-negative-gap elementor-element elementor-element-55e7dbc e-flex e-con-boxed e-con e-parent\" data-id=\"55e7dbc\" data-element_type=\"container\">\n\t\t\t\t\t<div class=\"e-con-inner\">\n\t\t\t\t<div class=\"elementor-element elementor-element-4f21f4a elementor-widget elementor-widget-spacer\" data-id=\"4f21f4a\" data-element_type=\"widget\" data-widget_type=\"spacer.default\">\n\t\t\t\t<div class=\"elementor-widget-container\">\n\t\t\t\t\t\t\t<div class=\"elementor-spacer\">\n\t\t\t<div class=\"elementor-spacer-inner\"><\/div>\n\t\t<\/div>\n\t\t\t\t\t\t<\/div>\n\t\t\t\t<\/div>\n\t\t\t\t\t<\/div>\n\t\t\t\t<\/div>\n\t\t<div class=\"elementor-element elementor-element-ce35fa7 e-grid e-con-full e-con e-parent\" data-id=\"ce35fa7\" data-element_type=\"container\">\n\t\t\t\t<div class=\"elementor-element elementor-element-5d3f5c4 elementor-widget elementor-widget-wd_text_block\" data-id=\"5d3f5c4\" data-element_type=\"widget\" data-widget_type=\"wd_text_block.default\">\n\t\t\t\t<div class=\"elementor-widget-container\">\n\t\t\t\t\t\t\t<div class=\"wd-text-block reset-last-child text-left\">\n\t\t\t\n\t\t\t<h3><strong data-start=\"32\" data-end=\"64\">Gin Tonic Ru\u017emarin &amp; Naran\u010da<\/strong><\/h3>\n<ul>\n \t<li><span style=\"font-size: 18px;\">\u010ca\u0161u napuniti kockicama leda<\/span><\/li>\n \t<li><span style=\"font-size: 18px;\">Doliti 4 cl Needle Gina<br data-start=\"113\" data-end=\"116\" \/><\/span><\/li>\n \t<li><span style=\"font-size: 18px;\">Doliti tonikom po izboru<br data-start=\"140\" data-end=\"143\" \/><\/span><\/li>\n \t<li><span style=\"font-size: 18px;\">Dodati gran\u010dicu ru\u017emarina i pola kri\u0161ke naran\u010de<\/span><\/li>\n<\/ul>\n\t\t\t\t\t<\/div>\n\t\t\t\t\t\t<\/div>\n\t\t\t\t<\/div>\n\t\t\t\t<div class=\"elementor-element elementor-element-d94fc89 wd-width-100 elementor-widget elementor-widget-wd_video\" data-id=\"d94fc89\" data-element_type=\"widget\" data-widget_type=\"wd_video.default\">\n\t\t\t\t<div class=\"elementor-widget-container\">\n\t\t\t\t\t\n\t\t<div class=\"wd-el-video wd-action-without wd-video-youtube\">\n\t\t\t\t\t\t\t<iframe src=\"https:\/\/www.youtube.com\/embed\/lf48ycfXats?feature=oembed&loop=1&mute=1&controls=0&autoplay=1&playlist=lf48ycfXats\" allowfullscreen allow=\"accelerometer; autoplay; encrypted-media; gyroscope; picture-in-picture\" width=\"100%\" height=\"100%\" loading=\"lazy\"><\/iframe>\t\t\t\n\t\t\t\n\t\t\t\n\t\t\t\t\t<\/div>\n\t\t\t\t\t\t<\/div>\n\t\t\t\t<\/div>\n\t\t\t\t<\/div>\n\t\t<div class=\"wd-negative-gap elementor-element elementor-element-d13a5dd e-flex e-con-boxed e-con e-parent\" data-id=\"d13a5dd\" data-element_type=\"container\">\n\t\t\t\t\t<div class=\"e-con-inner\">\n\t\t\t\t<div class=\"elementor-element elementor-element-1047c95 elementor-widget elementor-widget-spacer\" data-id=\"1047c95\" data-element_type=\"widget\" data-widget_type=\"spacer.default\">\n\t\t\t\t<div class=\"elementor-widget-container\">\n\t\t\t\t\t\t\t<div class=\"elementor-spacer\">\n\t\t\t<div class=\"elementor-spacer-inner\"><\/div>\n\t\t<\/div>\n\t\t\t\t\t\t<\/div>\n\t\t\t\t<\/div>\n\t\t\t\t\t<\/div>\n\t\t\t\t<\/div>\n\t\t<div class=\"elementor-element elementor-element-b6d4033 e-grid e-con-full e-con e-parent\" data-id=\"b6d4033\" data-element_type=\"container\">\n\t\t\t\t<div class=\"elementor-element elementor-element-69c5131 wd-width-100 elementor-widget elementor-widget-wd_video\" data-id=\"69c5131\" data-element_type=\"widget\" data-widget_type=\"wd_video.default\">\n\t\t\t\t<div class=\"elementor-widget-container\">\n\t\t\t\t\t\n\t\t<div class=\"wd-el-video wd-action-without wd-video-youtube\">\n\t\t\t\t\t\t\t<iframe src=\"https:\/\/www.youtube.com\/embed\/lrBHMFzfkos?feature=oembed&loop=1&mute=1&controls=0&autoplay=1&playlist=lrBHMFzfkos\" allowfullscreen allow=\"accelerometer; autoplay; encrypted-media; gyroscope; picture-in-picture\" width=\"100%\" height=\"100%\" loading=\"lazy\"><\/iframe>\t\t\t\n\t\t\t\n\t\t\t\n\t\t\t\t\t<\/div>\n\t\t\t\t\t\t<\/div>\n\t\t\t\t<\/div>\n\t\t\t\t<div class=\"elementor-element elementor-element-53babfa elementor-widget elementor-widget-wd_text_block\" data-id=\"53babfa\" data-element_type=\"widget\" data-widget_type=\"wd_text_block.default\">\n\t\t\t\t<div class=\"elementor-widget-container\">\n\t\t\t\t\t\t\t<div class=\"wd-text-block reset-last-child text-left\">\n\t\t\t\n\t\t\t<h3>Gin Blossom<\/h3>\n<ul>\n \t<li><span style=\"font-size: 18px;\">\u010ca\u0161u napuniti ledom<\/span><\/li>\n \t<li><span style=\"font-size: 18px;\">Doliti 4 cl Needle Gina<\/span><\/li>\n<li><span style=\"font-size: 18px;\">Doliti tonikom po izboru<br data-start=\"140\" data-end=\"143\" \/><\/span><\/li>\n \t<li><span style=\"font-size: 18px;\">Iscijediti 1\/2 limuna<\/span><\/li>\n \t<li><span style=\"font-size: 18px;\">Ukrasiti bio laticama ru\u017ee i lavandom<\/span><\/li>\n<\/ul>\n\t\t\t\t\t<\/div>\n\t\t\t\t\t\t<\/div>\n\t\t\t\t<\/div>\n\t\t\t\t<\/div>\n\t\t\t\t<\/div>\n\t\t","protected":false},"excerpt":{"rendered":"<p>Needle Blackforest Gin Needle Blackforest Dry Gin brings the spirit of Germany&#8217;s Black Forest into every glass. Distilled with special<\/p>\n","protected":false},"author":5,"featured_media":0,"parent":4616,"menu_order":0,"comment_status":"closed","ping_status":"closed","template":"","meta":{"footnotes":""},"class_list":["post-7272","page","type-page","status-publish","hentry"],"_links":{"self":[{"href":"https:\/\/www.obalagrupa.com\/en\/wp-json\/wp\/v2\/pages\/7272","targetHints":{"allow":["GET"]}}],"collection":[{"href":"https:\/\/www.obalagrupa.com\/en\/wp-json\/wp\/v2\/pages"}],"about":[{"href":"https:\/\/www.obalagrupa.com\/en\/wp-json\/wp\/v2\/types\/page"}],"author":[{"embeddable":true,"href":"https:\/\/www.obalagrupa.com\/en\/wp-json\/wp\/v2\/users\/5"}],"replies":[{"embeddable":true,"href":"https:\/\/www.obalagrupa.com\/en\/wp-json\/wp\/v2\/comments?post=7272"}],"version-history":[{"count":141,"href":"https:\/\/www.obalagrupa.com\/en\/wp-json\/wp\/v2\/pages\/7272\/revisions"}],"predecessor-version":[{"id":10041,"href":"https:\/\/www.obalagrupa.com\/en\/wp-json\/wp\/v2\/pages\/7272\/revisions\/10041"}],"up":[{"embeddable":true,"href":"https:\/\/www.obalagrupa.com\/en\/wp-json\/wp\/v2\/pages\/4616"}],"wp:attachment":[{"href":"https:\/\/www.obalagrupa.com\/en\/wp-json\/wp\/v2\/media?parent=7272"}],"curies":[{"name":"wp","href":"https:\/\/api.w.org\/{rel}","templated":true}]}}